{"id":11,"date":"2018-07-31T08:37:08","date_gmt":"2018-07-31T08:37:08","guid":{"rendered":"http:\/\/experimentalnarratology.com\/?page_id=11"},"modified":"2019-04-27T22:58:50","modified_gmt":"2019-04-27T22:58:50","slug":"about-the-lise-meitner-project-of-klaus-peter-speidel","status":"publish","type":"page","link":"http:\/\/experimentalnarratology.com\/?page_id=11","title":{"rendered":"Publications"},"content":{"rendered":"<p align=\"LEFT\"><span style=\"color: #000000;\"><span style=\"font-family: Calibri;\"><span style=\"font-size: medium;\"><span lang=\"fr-FR\"><b><a href=\"http:\/\/experimentalnarratology.com\/wp-content\/uploads\/2018\/07\/Mal\u00e9vitch-Rouge-Modified-.tiff\"><img decoding=\"async\" loading=\"lazy\" class=\"alignnone size-medium wp-image-62\" src=\"http:\/\/experimentalnarratology.com\/wp-content\/uploads\/2018\/07\/Mal\u00e9vitch-Rouge-Modified-.tiff\" alt=\"\" width=\"1\" height=\"1\" \/><br \/>\n<img decoding=\"async\" loading=\"lazy\" class=\"size-full wp-image-127 aligncenter\" src=\"http:\/\/experimentalnarratology.com\/wp-content\/uploads\/2019\/04\/Malevitch-Rouge-Modified.jpg\" alt=\"\" width=\"708\" height=\"305\" srcset=\"http:\/\/experimentalnarratology.com\/wp-content\/uploads\/2019\/04\/Malevitch-Rouge-Modified.jpg 708w, http:\/\/experimentalnarratology.com\/wp-content\/uploads\/2019\/04\/Malevitch-Rouge-Modified-300x129.jpg 300w\" sizes=\"(max-width: 708px) 100vw, 708px\" \/><\/a><\/b><\/span><\/span><\/span><\/span><\/p>\n<p align=\"LEFT\"><span style=\"color: #000000;\"><span style=\"font-family: Calibri;\"><span style=\"font-size: medium;\"><span lang=\"fr-FR\"><b>K. Speidel, \u00ab &#8216;Telling in Time&#8217; Extended: How Single Pictures Convey Stories, Evoking Suspense, Curiosity, Surprise and Relief<strong>\u00a0\u00bb<\/strong><\/b><\/span><\/span><\/span><\/span><span style=\"color: #000000;\"><span style=\"font-family: Calibri;\"><span style=\"font-size: medium;\"><span lang=\"fr-FR\">, <\/span><\/span><\/span><\/span><span style=\"color: #000000;\"><span style=\"font-family: Calibri;\"><span style=\"font-size: medium;\"><span lang=\"fr-FR\"><i>Poetics Today<\/i><\/span><\/span><\/span><\/span><span style=\"color: #000000;\"><span style=\"font-family: Calibri;\"><span style=\"font-size: medium;\"><span lang=\"fr-FR\">, Vol. 41, 2020<\/span><\/span><\/span><\/span><b> <\/b><span style=\"color: #000000;\"><span style=\"font-family: Calibri;\"><span style=\"font-size: medium;\"><span lang=\"fr-FR\">(accepted)<\/span><\/span><\/span><\/span><\/p>\n<p align=\"LEFT\"><span style=\"color: #000000;\"><span style=\"font-family: Calibri;\"><span style=\"font-size: medium;\"><strong><span lang=\"fr-FR\"><b>K. Speidel, <\/b><\/span>\u00ab\u00a0Figurerz\u00e4hlung, Spurerz\u00e4hlung und das Problem der Narration im Bild. Theoretische Grundlagen und empirische Evidenz\u00a0\u00bb<\/strong>, <em>Kulturtechnik Malen<\/em>, Meret Kupzyk, Charlotte Warsen, Ludger Schwarte (eds.), Fink Verlag, M\u00fcnchen, 2019 (forthcoming)<\/span><\/span><\/span><\/p>\n<p align=\"LEFT\"><strong><span style=\"color: #000000;\"><span style=\"font-family: Calibri;\"><span style=\"font-size: medium;\"><span lang=\"fr-FR\"><b>K. Speidel, <\/b><a href=\"https:\/\/www.degruyter.com\/view\/j\/fns.2018.4.issue-s1\/fns-2018-0033\/fns-2018-0033.xml\">\u00ab\u00a0What Narrative is. Reconsidering the Role of Definitions based on Experiments with Pictorial Narrative. An Essay in Descriptive Narratology.\u00a0\u00bb<\/a><\/span><\/span><\/span><\/span><\/strong><span style=\"color: #000000;\"><span style=\"font-family: Calibri;\"><span style=\"font-size: medium;\"><span lang=\"fr-FR\">, Frontiers of Narrative Studies, Vol. 4 (Issue S1), 2018\u00a0<\/span><\/span><\/span><\/span><\/p>\n<p><span style=\"color: #000000;\"><span style=\"font-family: Calibri;\"><span style=\"font-size: medium;\"><b><span lang=\"fr-FR\">K. Speidel, <\/span>\u00ab\u00a0Lolita vs. Knutschfleck. Wie kommen Geschichten in den Raum? Mit einem Pl\u00e4doyer f\u00fcr Spurerz\u00e4hlung in der Kunst.\u00a0\u00bb \/ \u00ab\u00a0Lolita and the lovebite. How stories get into space. With a call for trace-based narratives in art\u00a0\u00bb, <\/b><\/span><\/span><\/span><span style=\"color: #000000;\"><span style=\"font-family: Calibri;\"><span style=\"font-size: medium;\"><i>lightness and matter: Transmediale Kunst | Transmedia Art, <\/i><\/span><\/span><\/span><span style=\"color: #000000;\"><span style=\"font-family: Calibri;\"><span style=\"font-size: medium;\">Brigitte Kowanz\/Peter Kozek (eds.), <\/span><\/span><\/span><span style=\"color: #000000;\"><span style=\"font-family: Calibri;\"><span style=\"font-size: medium;\">Edition Angewandte\/De Gruyter, Wien\/Hamburg, 2018<\/span><\/span><\/span><\/p>\n<p align=\"LEFT\"><span style=\"color: #000000;\"><span style=\"font-size: medium;\"><span style=\"font-family: Calibri;\"><span lang=\"fr-FR\"><b>K. Speidel, <a href=\"https:\/\/www.academia.edu\/36061517\/The_Problem_of_Narration_in_Abstract_Art_Le_probl\u00e8me_de_la_narration_dans_lart_abstrait\">\u00ab\u00a0Le probl\u00e8me de la narration dans l&#8217;art abstrait\/The Problem of Narration in Abstract Art\u00a0\u00bb<\/a><\/b><\/span><\/span><span style=\"font-family: Calibri;\"><span lang=\"fr-FR\">, <\/span><\/span><span style=\"font-family: Calibri;\"><span lang=\"fr-FR\"><i>Flatlands. Narrative Abstractions<\/i><\/span><\/span><span style=\"font-family: Calibri;\"><span lang=\"fr-FR\">, Marianne Derrien, Sarah Ihler-Meyer (eds.), Mudam Luxembourg, Mrac Occitanie\/Pyr\u00e9n\u00e9es-M\u00e9dit\u00e9rran\u00e9e, Editions Cantz, Esslingen\/Luxemburg, 2018<\/span><\/span><\/span><\/span><\/p>\n<p><span style=\"color: #000000;\"><span style=\"font-size: medium;\"><span style=\"font-family: Calibri;\"><b><span lang=\"fr-FR\">K. Speidel, <\/span><a href=\"https:\/\/www.academia.edu\/35764470\/Klaus_Speidel_How_single_pictures_tell_stories._A_critical_introduction_to_narrative_pictures_and_the_problem_of_iconic_narrative_in_narratology_\">\u00ab\u00a0Jak pojedyncze obrazy opowiadaj\u0105 historie. Krytyczne wprowadzenie do problematyki narracji ikonicznej w narratologii [How single pictures tell stories. A critical introduction to narrative pictures and the problem of iconic narrative in narratology]\u00a0\u00bb<\/a><\/b><\/span><span style=\"font-family: Calibri;\">, <\/span><span style=\"font-family: Calibri;\"><i>Narratologia transmedialna. Wyzwania, teorie, praktyki <\/i><\/span><span style=\"font-family: Calibri;\">[Transmedial Narratology. Challenges, Theories, Practices], Katarzyna Kaczmarczyk\u00a0 (ed.),<\/span> <span style=\"font-family: Calibri;\">Universitas, Krakow, 2017 <\/span><\/span><\/span><\/p>\n<p><strong><span style=\"color: #000000;\"><span style=\"font-size: medium;\"><span style=\"font-family: Calibri;\"><span lang=\"fr-FR\"><b>K. Speidel, <\/b><\/span><a href=\"https:\/\/www.academia.edu\/30786204\/Klaus_Speidel_La_narration_et_le_spectre_du_modernisme._Remarques_sur_le_r\u00e9cit_en_art_contemporain._\">\u00ab\u00a0La narration et le spectre du modernisme: remarques sur le r\u00e9cit en art contemporain\u00a0\u00bb<\/a><\/span><\/span><\/span><\/strong><span style=\"color: #000000;\"><span style=\"font-size: medium;\"><span style=\"font-family: Calibri;\">, <em>L\u00e9gende*<\/em>, Laurent Buffet (ed.), Frac Franche-Comt\u00e9\/Les presses du r\u00e9el, Dijon, 2016<\/span><\/span><\/span><\/p>\n<p><a href=\"http:\/\/univie.academia.edu\/KlausSpeidel\" target=\"_blank\" rel=\"noopener noreferrer\"><u><strong>Most publications can be accessed here: univie.academia.edu\/KlausSpeidel<\/strong><\/u><\/a><\/p>\n","protected":false},"excerpt":{"rendered":"<p>K. Speidel, \u00ab &#8216;Telling in Time&#8217; Extended: How Single Pictures Convey Stories, Evoking Suspense, Curiosity, Surprise and Relief\u00a0\u00bb, Poetics Today, Vol. 41, 2020 (accepted) K. Speidel, \u00ab\u00a0Figurerz\u00e4hlung, Spurerz\u00e4hlung und das Problem der Narration im Bild.<\/p>\n","protected":false},"author":1,"featured_media":0,"parent":0,"menu_order":2,"comment_status":"closed","ping_status":"closed","template":"template-fullwidth.php","meta":[],"_links":{"self":[{"href":"http:\/\/experimentalnarratology.com\/index.php?rest_route=\/wp\/v2\/pages\/11"}],"collection":[{"href":"http:\/\/experimentalnarratology.com\/index.php?rest_route=\/wp\/v2\/pages"}],"about":[{"href":"http:\/\/experimentalnarratology.com\/index.php?rest_route=\/wp\/v2\/types\/page"}],"author":[{"embeddable":true,"href":"http:\/\/experimentalnarratology.com\/index.php?rest_route=\/wp\/v2\/users\/1"}],"replies":[{"embeddable":true,"href":"http:\/\/experimentalnarratology.com\/index.php?rest_route=%2Fwp%2Fv2%2Fcomments&post=11"}],"version-history":[{"count":20,"href":"http:\/\/experimentalnarratology.com\/index.php?rest_route=\/wp\/v2\/pages\/11\/revisions"}],"predecessor-version":[{"id":136,"href":"http:\/\/experimentalnarratology.com\/index.php?rest_route=\/wp\/v2\/pages\/11\/revisions\/136"}],"wp:attachment":[{"href":"http:\/\/experimentalnarratology.com\/index.php?rest_route=%2Fwp%2Fv2%2Fmedia&parent=11"}],"curies":[{"name":"wp","href":"https:\/\/api.w.org\/{rel}","templated":true}]}}