{"id":2,"date":"2016-05-10T03:48:21","date_gmt":"2016-05-10T03:48:21","guid":{"rendered":"http:\/\/experimentalnarratology.com\/?page_id=2"},"modified":"2018-08-15T15:06:38","modified_gmt":"2018-08-15T15:06:38","slug":"sample-page","status":"publish","type":"page","link":"http:\/\/experimentalnarratology.com\/?page_id=2","title":{"rendered":"Face-to-Face"},"content":{"rendered":"<p><img decoding=\"async\" loading=\"lazy\" class=\"wp-image-98 alignleft\" src=\"http:\/\/experimentalnarratology.com\/wp-content\/uploads\/2018\/08\/klaus-we-are-storytellers-legend-300x265.png\" alt=\"\" width=\"254\" height=\"224\" srcset=\"http:\/\/experimentalnarratology.com\/wp-content\/uploads\/2018\/08\/klaus-we-are-storytellers-legend-300x265.png 300w, http:\/\/experimentalnarratology.com\/wp-content\/uploads\/2018\/08\/klaus-we-are-storytellers-legend-768x679.png 768w, http:\/\/experimentalnarratology.com\/wp-content\/uploads\/2018\/08\/klaus-we-are-storytellers-legend.png 795w\" sizes=\"(max-width: 254px) 100vw, 254px\" \/><\/p>\n<h2>Presentations<\/h2>\n<p><b>\u00ab\u00a0Understanding understanding narrative single pictures\u00a0\u00bb<\/b>,<b>\u00a0<\/b>Workshop Understanding Understanding, Universit\u00e4t T\u00fcbingen, May 2018<\/p>\n<p><b>\u00ab\u00a0Spur und Figur. Empirische Rezeptionsforschung zum erz\u00e4hlenden Einzelbild\u00a0\u00bb<\/b>, Workshop Bild und Narrativit\u00e4t\u00a0: Theorien, Zug\u00e4nge &amp; offene Fragen, Universit\u00e4t T\u00fcbingen, March 2018<\/p>\n<p><b>\u00ab\u00a0Rezeptionsforschung. Historisch, theoretisch, empirisch\u00a0\u00bb<\/b>, Das ist \u00c4sthetik\u00a0! Kongress der Deutschen Gesellschaft f\u00fcr \u00c4sthetik, Hochschule f\u00fcr Gestaltung Offenbach, February 2018<\/p>\n<p><b>\u00ab\u00a0Probleme des Erz\u00e4hlens in visuellen Medien (und dar\u00fcber hinaus)\u00a0\u00bb<\/b>, Universit\u00e4t f\u00fcr Angewandte Kunst, Vienna, January 2018<\/p>\n<p><b>\u00ab\u00a0Can there be experimental reception research in art-history? Taking the skeptic seriously\u00a0\u00bb<\/b>, Art &amp; Science. Conference on Empirical Methods in Art History and Visual Studies, Universit\u00e4t Wien, November 2017<\/p>\n<p><b>\u00ab\u00a0Communicating a story with one picture: Ordinary language and empirical testing vs.\u00a0<\/b><b>the skeptic\u00a0\u00bb<\/b>, European Narratology Network Conference in Prague, September 2017<\/p>\n<p><b>\u00ab\u00a0How single pictures communicate stories: An experimental approach\u00a0\u00bb<\/b>, European Narratology Network Conference in Prague, September 2017<\/p>\n<p><b>\u00ab\u00a0Malspur, gemalte Spur,\u00a0<\/b><i><b>Spurerz\u00e4hlung<\/b><\/i><b>. Empirische Untersuchungen zu erz\u00e4hlenden Bildern von Lorenzetti bis Banksy\u00a0\u00bb<\/b>, Forschungskolloquium Kunst, Universit\u00e4t Konstanz, June 2017<\/p>\n<p><strong>\u00ab\u00a0Narrative in Painting, Ordinary Language, and the Role of the Imagination \u2013 Lessing, Austin and beyond\u00a0\u00bb,<\/strong>Expression, Judgement and Acknowledgement. Cross-Perspectives in Aesthetics and the Philosophy of Mind, Universit\u00e9 de Bordeaux, June 2017<\/p>\n<p><b>\u00ab\u00a0Making it explicit\u00a0: How viewers use traces and cognitive scripts to interpret narrative paintings\u00a0\u00bb<\/b>, Historicising Narratology. A transdisciplinary workshop dedicated to alien perspectives on narratological key issues, Universit\u00e4t Wien, May 2017<\/p>\n<p><b>\u00ab\u00a0Malerische Spurerz\u00e4hlungen.\u00a0<\/b><i><b>Effets de mati\u00e8re als effets de r\u00e9el<\/b><\/i><b>\u00a0\u00bb<\/b>, Kulturtechnik Malen, \u00ab\u00a0Kunstakademie D\u00fcsseldorf\/Museum Insel Hombroich, March 2017<\/p>\n<p><b>\u00ab\u00a0Minimal narratives: How explicit do events have to be?\u00a0\u00bb<\/b>, Workshop Linguistic meets Literature IV\u00a0: Implicature across Genres, SFB Bedeutungskonstitution, Universit\u00e4t T\u00fcbingen, November 2016<\/p>\n<p><b>\u00ab\u00a0Malerei als Zeitkunst: Eine Eye-Tracking Studie mit erz\u00e4hlenden Einzelbildern\u00a0\u00bb<\/b>, Workshop Piktoriale Narratologie. Zur Narrativit\u00e4t des Bildes in multimodalen Kontexten, Universit\u00e4t T\u00fcbingen, Fachbereich Medienwissenschaften, November 2016<\/p>\n<p><b>\u00ab\u00a0<\/b><span lang=\"de-AT\"><b>Materialerz\u00e4hlungen: Zum Begriff der indexikalischen Narrativit\u00e4t\u00a0\u00bb<\/b><\/span><span lang=\"de-AT\">, Workshop des\u00a0<\/span><span lang=\"de-DE\">Forschungsschwerpunkts Visuelle Kulturgeschichte \u2013 Kulturen und Medien des Visuellen, Universit\u00e4t Wien, November 2016<\/span><\/p>\n<p><b>\u00ab\u00a0How single pictures tell stories. A critical introduction to the problem of iconic narrative in narratology\u00a0\u00bb<\/b>, EIKONES Kolloquium, Universit\u00e4t Basel, November 2016<\/p>\n<p><b>\u00ab\u00a0Curiosity, Suspense and Relief: Aristotle\u2019s\u00a0<\/b><b>Ideal Plot in One Picture\u00a0\u00bb<\/b>, Mind \u2013 Media \u2013 Narrative Conference, Warsaw University, June 2016<\/p>\n<p><b>\u00ab Pictorial Narrative \u2013 Telling a story in one picture.\u00a0\u00bb<\/b>, Winterschool \u00ab\u00a0Transmedial Narratology\u00a0: Theories and Methods\u00a0\u00bb, Universit\u00e9 de T\u00fcbingen, Allemagne, February 2016<\/p>\n<p><b>\u00ab\u00a0Betrachtungszeit als Erz\u00e4hlzeit im Einzelbild\u00a0\u00bb<\/b>, Wissenschaftliche Arbeitsbesprechung Kunstgeschichte, Universit\u00e4t Wien, January 2016<\/p>\n<p><b>\u00ab\u00a0Empirische Methoden in der Bildtheorie. Einf\u00fchrung\u00a0\u00bb\u00a0<\/b>,\u00a0<i>Vom Tafelbild zum Selfie. Bildpraktiken empirisch untersuch<\/i>t, Depot, Vienna, January 2016<\/p>\n<h2>Organization of Roundtables, Panels &amp; Workshops<\/h2>\n<p><strong>Workshop:\u00a0<em>Experimental research. Adressing the Critics<\/em>,<\/strong>\u00a0Art &amp; Science. Conference on Empirical Methods in Art History and Visual Studies, Universit\u00e4t Wien, November 2017<\/p>\n<p><strong>Panel:<em>\u00a0Between visual structure and reception: \u201cComics, infographics, history paintings and cartoons\u201d<\/em><\/strong>\u00a0Chair: Karin Kukkonen, Participants:\u00a0Neil Cohn, Tilburg University; Lukas R. Wilde, Universit\u00e4t T\u00fcbingen; Klaus Speidel, Universit\u00e4t Wien; Bernard \u201cBernie\u201d Bouton, Independent Cartoonist,Vice President General of Federation of Cartoonists Organization (FECO),\u00a0\u00a0European Narratology Network Conference in Prague, September 2017<\/p>\n<p><strong>Roundtable Discussion:<i>\u00a0Vom Tafelbild zum Selfie. Bildpraktiken empirisch untersuch<\/i><\/strong><em><strong>t<\/strong><\/em>, Participants: Maria Schreiber, Laure Commare, Klaus Speidel (all Universit\u00e4t Wien), Depot, Vienna, January 2016<\/p>\n","protected":false},"excerpt":{"rendered":"<p>Presentations \u00ab\u00a0Understanding understanding narrative single pictures\u00a0\u00bb,\u00a0Workshop Understanding Understanding, Universit\u00e4t T\u00fcbingen, May 2018 \u00ab\u00a0Spur und Figur. Empirische Rezeptionsforschung zum erz\u00e4hlenden Einzelbild\u00a0\u00bb, Workshop Bild und Narrativit\u00e4t\u00a0: Theorien, Zug\u00e4nge &amp; offene Fragen, Universit\u00e4t T\u00fcbingen, March 2018 \u00ab\u00a0Rezeptionsforschung. Historisch,<\/p>\n","protected":false},"author":1,"featured_media":0,"parent":0,"menu_order":3,"comment_status":"closed","ping_status":"open","template":"template-fullwidth.php","meta":[],"_links":{"self":[{"href":"http:\/\/experimentalnarratology.com\/index.php?rest_route=\/wp\/v2\/pages\/2"}],"collection":[{"href":"http:\/\/experimentalnarratology.com\/index.php?rest_route=\/wp\/v2\/pages"}],"about":[{"href":"http:\/\/experimentalnarratology.com\/index.php?rest_route=\/wp\/v2\/types\/page"}],"author":[{"embeddable":true,"href":"http:\/\/experimentalnarratology.com\/index.php?rest_route=\/wp\/v2\/users\/1"}],"replies":[{"embeddable":true,"href":"http:\/\/experimentalnarratology.com\/index.php?rest_route=%2Fwp%2Fv2%2Fcomments&post=2"}],"version-history":[{"count":14,"href":"http:\/\/experimentalnarratology.com\/index.php?rest_route=\/wp\/v2\/pages\/2\/revisions"}],"predecessor-version":[{"id":30,"href":"http:\/\/experimentalnarratology.com\/index.php?rest_route=\/wp\/v2\/pages\/2\/revisions\/30"}],"wp:attachment":[{"href":"http:\/\/experimentalnarratology.com\/index.php?rest_route=%2Fwp%2Fv2%2Fmedia&parent=2"}],"curies":[{"name":"wp","href":"https:\/\/api.w.org\/{rel}","templated":true}]}}