{"id":45,"date":"2018-07-31T10:10:18","date_gmt":"2018-07-31T10:10:18","guid":{"rendered":"http:\/\/experimentalnarratology.com\/?page_id=45"},"modified":"2018-08-15T14:46:52","modified_gmt":"2018-08-15T14:46:52","slug":"klaus-speidel","status":"publish","type":"page","link":"http:\/\/experimentalnarratology.com\/?page_id=45","title":{"rendered":"Klaus Speidel"},"content":{"rendered":"<p><img decoding=\"async\" loading=\"lazy\" class=\"alignnone wp-image-69 alignleft\" src=\"http:\/\/experimentalnarratology.com\/wp-content\/uploads\/2018\/07\/Drawing-Klaus-Emilien-253x300.png\" alt=\"\" width=\"393\" height=\"466\" srcset=\"http:\/\/experimentalnarratology.com\/wp-content\/uploads\/2018\/07\/Drawing-Klaus-Emilien-253x300.png 253w, http:\/\/experimentalnarratology.com\/wp-content\/uploads\/2018\/07\/Drawing-Klaus-Emilien-768x910.png 768w, http:\/\/experimentalnarratology.com\/wp-content\/uploads\/2018\/07\/Drawing-Klaus-Emilien-864x1024.png 864w, http:\/\/experimentalnarratology.com\/wp-content\/uploads\/2018\/07\/Drawing-Klaus-Emilien.png 1946w\" sizes=\"(max-width: 393px) 100vw, 393px\" \/>The FWF Lise Meitner Project &#8220;Towards an experimental narratology of the image&#8221; was developed and directed by Klaus Speidel from October 2015 to January 2018 at the Lab for Cognitive research in Art-History (CReA) at the University of Vienna.<\/p>\n<p>Klaus Speidel studied <span style=\"text-decoration: underline;\">philosophy and art history<\/span> in Munich (LMU) and Paris (Ecole normale sup\u00e9rieure, Paris I Sorbonne). Since 2003, he mainly focuses on the theory of art and images.\u00a0His work on pictures draws on sources from philosophy, art-history and narratology. In 2013, he was awarded his <span style=\"text-decoration: underline;\">full honors PhD in philosoph<\/span>y from Paris IV Sorbonne by an interdisciplinary jury with a work on the possibility and modality of pictorial narrative in the single image.<\/p>\n<p>Klaus held short- and long-term <span style=\"text-decoration: underline;\">teaching positions<\/span> at Vienna University, Paris VII Diderot, Paris IV Sorbonne, Sciences Po Poitiers, Ecole Estienne Paris, Strate. Ecole de Design S\u00e8vres, IFM Paris, ICN Nancy, HDK Gothenburg, Universit\u00e4t Konstanz and EDHEC Lille.<\/p>\n<p>Beyond his academic publications, Klaus also <span style=\"text-decoration: underline;\">writes art criticism<\/span> in French, German or English for Spike and artpress and occasionally <span style=\"text-decoration: underline;\">curates exhibitions<\/span>, for instance &#8220;Drawing after Digital&#8221; at XPO Gallery and &#8220;Useful Abstractions&#8221; at the Canadian Cultural Center in Paris. In 2015, he\u00a0was awarded the <span style=\"text-decoration: underline;\">AICA France prize for art-criticism<\/span>. He contributes to exhibition catalogues for public and private institutions such as the Centre Pompidou in Paris, the Schirn Kunsthalle in Frankfurt, the Museum of Modern art in Luxemburg (MUDAM) and in Vienna (mumok), the Dom Museum and the Belvedere in Vienna, as well as the FRAC Franche Comt\u00e9 and Le Mus\u00e9e du Temps in Besan\u00e7on. In 2016, he co-authored the artist book &#8220;Sparkling Past&#8221; with Benjamin Hugard. It was published by RVB Press in Paris.<\/p>\n","protected":false},"excerpt":{"rendered":"<p>The FWF Lise Meitner Project &#8220;Towards an experimental narratology of the image&#8221; was developed and directed by Klaus Speidel from October 2015 to January 2018 at the Lab for Cognitive research in Art-History (CReA) at<\/p>\n","protected":false},"author":1,"featured_media":0,"parent":0,"menu_order":4,"comment_status":"closed","ping_status":"closed","template":"template-fullwidth.php","meta":[],"_links":{"self":[{"href":"http:\/\/experimentalnarratology.com\/index.php?rest_route=\/wp\/v2\/pages\/45"}],"collection":[{"href":"http:\/\/experimentalnarratology.com\/index.php?rest_route=\/wp\/v2\/pages"}],"about":[{"href":"http:\/\/experimentalnarratology.com\/index.php?rest_route=\/wp\/v2\/types\/page"}],"author":[{"embeddable":true,"href":"http:\/\/experimentalnarratology.com\/index.php?rest_route=\/wp\/v2\/users\/1"}],"replies":[{"embeddable":true,"href":"http:\/\/experimentalnarratology.com\/index.php?rest_route=%2Fwp%2Fv2%2Fcomments&post=45"}],"version-history":[{"count":13,"href":"http:\/\/experimentalnarratology.com\/index.php?rest_route=\/wp\/v2\/pages\/45\/revisions"}],"predecessor-version":[{"id":93,"href":"http:\/\/experimentalnarratology.com\/index.php?rest_route=\/wp\/v2\/pages\/45\/revisions\/93"}],"wp:attachment":[{"href":"http:\/\/experimentalnarratology.com\/index.php?rest_route=%2Fwp%2Fv2%2Fmedia&parent=45"}],"curies":[{"name":"wp","href":"https:\/\/api.w.org\/{rel}","templated":true}]}}